{"id":28,"date":"2020-05-24T17:21:34","date_gmt":"2020-05-24T17:21:34","guid":{"rendered":"http:\/\/vallana.es\/?page_id=28"},"modified":"2020-07-03T10:18:28","modified_gmt":"2020-07-03T10:18:28","slug":"algunos-cursos","status":"publish","type":"page","link":"http:\/\/vallana.es\/?page_id=28","title":{"rendered":"Algunos cursos"},"content":{"rendered":"\n<p>Hace alg\u00fan tiempo en uno de esos cursos que hago online, concretamente en uno de la <a href=\"https:\/\/miriadax.net\/home\">miriadax<\/a>  sobre aprender a buscar en la red, nos ped\u00edan  crear un blog en blogspot.com y subir las actividades en el orden que los ejercicios de cada m\u00f3dulo nos iba exigiendo.<\/p>\n\n\n\n<div class=\"wp-block-media-text alignwide is-stacked-on-mobile\"><figure class=\"wp-block-media-text__media\"><img loading=\"lazy\" decoding=\"async\" width=\"353\" height=\"326\" src=\"http:\/\/vallana.es\/wp-content\/uploads\/2020\/07\/modulos-curso.jpg\" alt=\"\" class=\"wp-image-53\" srcset=\"http:\/\/vallana.es\/wp-content\/uploads\/2020\/07\/modulos-curso.jpg 353w, http:\/\/vallana.es\/wp-content\/uploads\/2020\/07\/modulos-curso-300x277.jpg 300w\" sizes=\"auto, (max-width: 353px) 100vw, 353px\" \/><\/figure><div class=\"wp-block-media-text__content\">\n<p class=\"has-medium-font-size\">Cree la p\u00e1gina <a href=\"https:\/\/sintipex.blogspot.com\/2015\/05\/presentacion.html\">\u00absintipex\u00bb<\/a> con una bit\u00e1cora del curso y las actividades de los m\u00f3dulos<\/p>\n<\/div><\/div>\n\n\n\n<p>Empezaba con la presentaci\u00f3n del alumno, el t\u00edpico qui\u00e9n soy, a qu\u00e9 me dedico, cu\u00e1les son mis intereses&#8230;etc. que hab\u00eda que ilustrar de alguna forma. La m\u00eda fue esta concentrar todo el ejercicio en una sola imagen  <\/p>\n\n\n\n<div class=\"wp-block-image\"><figure class=\"aligncenter size-large\"><img loading=\"lazy\" decoding=\"async\" width=\"480\" height=\"640\" src=\"http:\/\/vallana.es\/wp-content\/uploads\/2020\/05\/Describir-bit\u00e1cora.jpg\" alt=\"\" class=\"wp-image-29\" srcset=\"http:\/\/vallana.es\/wp-content\/uploads\/2020\/05\/Describir-bit\u00e1cora.jpg 480w, http:\/\/vallana.es\/wp-content\/uploads\/2020\/05\/Describir-bit\u00e1cora-225x300.jpg 225w\" sizes=\"auto, (max-width: 480px) 100vw, 480px\" \/><figcaption>Cuatro im\u00e1genes y cuatro frases cortas una sola imagen para presentarme como alumno<\/figcaption><\/figure><\/div>\n\n\n\n<p>Lo pas\u00e9 francamente bien y realmente aprend\u00ed a realizar b\u00fasquedas r\u00e1pidas y con informaci\u00f3n fiable en Internet. Pero lo m\u00e1s satisfactorio fue compartir conocimiento, ya  que con todo lo aprendido cree un tutorial que puse a disposici\u00f3n de los alumnos del IES Rey Carlos III de \u00c1guilas a trav\u00e9s de la web de su AMPA.<\/p>\n\n\n\n<p>Curiosamente se hacen ciertos algunos refranes y esto es como la pescadilla que se muerde la cola. Las cuatro frases de la imagen de mi presentaci\u00f3n al curso se hab\u00edan puesto en pr\u00e1ctica al hacer el curso. Hab\u00eda caminado hacia el conocimiento sin ser mero espectador, hab\u00eda aprendido y  hab\u00eda  sembrando entre los j\u00f3venes  compartiendo lo que hab\u00eda aprendido.<\/p>\n\n\n\n<p style=\"background-color:#e3d954\" class=\"has-background has-text-align-center\">Enlaces con algunas de las actividades publicadas en el blog \u00absintipex.blogspot.com\u00bb<\/p>\n\n\n\n<p><a href=\"https:\/\/sintipex.blogspot.com\/2015\/06\/web-superficial-y-web-profunda.html\">Web superficial y web profunda<\/a><\/p>\n\n\n\n<p><a href=\"https:\/\/sintipex.blogspot.com\/2015\/06\/metodos-de-busqueda.html\">M\u00e9todos de b\u00fasqueda<\/a><\/p>\n\n\n\n<p><a href=\"https:\/\/sintipex.blogspot.com\/2015\/06\/herramientas-de-busqueda.html\">Herramientas de b\u00fasqueda<\/a><\/p>\n\n\n\n<p><a href=\"https:\/\/es.padlet.com\/francisco4\/cursos\">Muro padlet con las herramientas de b\u00fasqueda<\/a><\/p>\n\n\n\n<p class=\"has-text-align-center\"><strong>CURSO:<\/strong> <strong>ENCONTRANDO TESOROS EN LA RED<\/strong>: <\/p>\n\n\n\n<div class=\"wp-block-media-text alignwide is-stacked-on-mobile\"><figure class=\"wp-block-media-text__media\"><img decoding=\"async\" src=\"https:\/\/www.miriadax.net\/image\/layout_set_logo?img_id=18139467\" alt=\"Universidad Tecnol\u00f3gica Nacional\"\/><\/figure><div class=\"wp-block-media-text__content\">\n<p class=\"has-small-font-size\">Buenos Aires &#8211; ARGENTINA<\/p>\n<\/div><\/div>\n\n\n\n<p>El objetivo de este curso es promover en los participantes el desarrollo de la competencia de gesti\u00f3n de la informaci\u00f3n, orientados en el uso de las mejores herramientas y t\u00e9cnicas para encontrar informaci\u00f3n valiosa en Internet, etiquetarla, filtrarla, gestionarla, organizarla y comunicarla, transform\u00e1ndola en significativa para la construcci\u00f3n de conocimiento.&nbsp;<\/p>\n\n\n\n<p>\u00abSi bien buscas, encontrar\u00e1s\u00bb, expresaba Plat\u00f3n, y nosotros podemos agregar: \u00abSi bien filtras, encontrar\u00e1s informaci\u00f3n verdaderamente valiosa en la Red, que te permitir\u00e1 enriquecer tus producciones.<\/p>\n\n\n\n<p><strong>CUADRO DE PROFESORES:<\/strong><\/p>\n\n\n\n<p>Cristina Vel\u00e1zquez. Silvana Andrea Carnicero Sanguinetti, Melania Ottaviano, Claudia Rodr\u00edguez<\/p>\n","protected":false},"excerpt":{"rendered":"<p>Hace alg\u00fan tiempo en uno de esos cursos que hago online, concretamente en uno de la miriadax sobre aprender a buscar en la red, nos ped\u00edan crear un blog en blogspot.com y subir las actividades en el orden que los ejercicios de cada m\u00f3dulo nos iba exigiendo. Cree la p\u00e1gina \u00absintipex\u00bb con una bit\u00e1cora del [&hellip;]<\/p>\n","protected":false},"author":1,"featured_media":0,"parent":0,"menu_order":0,"comment_status":"closed","ping_status":"closed","template":"","meta":{"footnotes":""},"class_list":["post-28","page","type-page","status-publish","hentry"],"_links":{"self":[{"href":"http:\/\/vallana.es\/index.php?rest_route=\/wp\/v2\/pages\/28","targetHints":{"allow":["GET"]}}],"collection":[{"href":"http:\/\/vallana.es\/index.php?rest_route=\/wp\/v2\/pages"}],"about":[{"href":"http:\/\/vallana.es\/index.php?rest_route=\/wp\/v2\/types\/page"}],"author":[{"embeddable":true,"href":"http:\/\/vallana.es\/index.php?rest_route=\/wp\/v2\/users\/1"}],"replies":[{"embeddable":true,"href":"http:\/\/vallana.es\/index.php?rest_route=%2Fwp%2Fv2%2Fcomments&post=28"}],"version-history":[{"count":5,"href":"http:\/\/vallana.es\/index.php?rest_route=\/wp\/v2\/pages\/28\/revisions"}],"predecessor-version":[{"id":56,"href":"http:\/\/vallana.es\/index.php?rest_route=\/wp\/v2\/pages\/28\/revisions\/56"}],"wp:attachment":[{"href":"http:\/\/vallana.es\/index.php?rest_route=%2Fwp%2Fv2%2Fmedia&parent=28"}],"curies":[{"name":"wp","href":"https:\/\/api.w.org\/{rel}","templated":true}]}}